{"id":4606,"date":"2022-08-24T10:47:14","date_gmt":"2022-08-24T10:47:14","guid":{"rendered":"http:\/\/egger-oskar.it\/trockner\/"},"modified":"2022-09-23T11:06:27","modified_gmt":"2022-09-23T11:06:27","slug":"trockner","status":"publish","type":"page","link":"https:\/\/www.egger-oskar.it\/de\/trockner\/","title":{"rendered":"Trockner"},"content":{"rendered":"\t\t<div data-elementor-type=\"wp-page\" data-elementor-id=\"4606\" class=\"elementor elementor-4606 elementor-3323\" data-elementor-post-type=\"page\">\n\t\t\t\t\t\t<section class=\"elementor-section elementor-top-section elementor-element elementor-element-536f9504 elementor-section-full_width elementor-section-height-min-height elementor-section-items-stretch elementor-section-content-middle elementor-section-height-default\" data-id=\"536f9504\" data-element_type=\"section\" data-e-type=\"section\">\n\t\t\t\t\t\t<div class=\"elementor-container elementor-column-gap-default\">\n\t\t\t\t\t<div class=\"elementor-column elementor-col-50 elementor-top-column elementor-element elementor-element-4418ac8\" data-id=\"4418ac8\" data-element_type=\"column\" data-e-type=\"column\" data-settings=\"{&quot;background_background&quot;:&quot;classic&quot;}\">\n\t\t\t<div class=\"elementor-widget-wrap elementor-element-populated\">\n\t\t\t\t\t\t<div class=\"elementor-element elementor-element-5d660df8 elementor-hidden-tablet elementor-hidden-mobile elementor-widget elementor-widget-spacer\" data-id=\"5d660df8\" data-element_type=\"widget\" data-e-type=\"widget\" data-widget_type=\"spacer.default\">\n\t\t\t\t<div class=\"elementor-widget-container\">\n\t\t\t\t\t\t\t<div class=\"elementor-spacer\">\n\t\t\t<div class=\"elementor-spacer-inner\"><\/div>\n\t\t<\/div>\n\t\t\t\t\t\t<\/div>\n\t\t\t\t<\/div>\n\t\t\t\t<div class=\"elementor-element elementor-element-71a0fd81 elementor-widget elementor-widget-heading\" data-id=\"71a0fd81\" data-element_type=\"widget\" data-e-type=\"widget\" data-widget_type=\"heading.default\">\n\t\t\t\t<div class=\"elementor-widget-container\">\n\t\t\t\t\t<h1 class=\"elementor-heading-title elementor-size-default\">Trockner<\/h1>\t\t\t\t<\/div>\n\t\t\t\t<\/div>\n\t\t\t\t<div class=\"elementor-element elementor-element-6d5766c8 elementor-widget elementor-widget-text-editor\" data-id=\"6d5766c8\" data-element_type=\"widget\" data-e-type=\"widget\" data-widget_type=\"text-editor.default\">\n\t\t\t\t<div class=\"elementor-widget-container\">\n\t\t\t\t\t\t\t\t\t<p>Eine breite Palette von <strong>H\u00e4nde<\/strong>&#8211; und <strong>Haartrocknern<\/strong>, die mit der neuesten Technologie hergestellt werden.<\/p>\t\t\t\t\t\t\t\t<\/div>\n\t\t\t\t<\/div>\n\t\t\t\t<div class=\"elementor-element elementor-element-47ad31f0 elementor-widget elementor-widget-heading\" data-id=\"47ad31f0\" data-element_type=\"widget\" data-e-type=\"widget\" data-widget_type=\"heading.default\">\n\t\t\t\t<div class=\"elementor-widget-container\">\n\t\t\t\t\t<h2 class=\"elementor-heading-title elementor-size-default\">Ideal f\u00fcr:<\/h2>\t\t\t\t<\/div>\n\t\t\t\t<\/div>\n\t\t\t\t<div class=\"elementor-element elementor-element-1e90a95 elementor-icon-list--layout-inline elementor-align-start elementor-list-item-link-full_width elementor-widget elementor-widget-icon-list\" data-id=\"1e90a95\" data-element_type=\"widget\" data-e-type=\"widget\" data-widget_type=\"icon-list.default\">\n\t\t\t\t<div class=\"elementor-widget-container\">\n\t\t\t\t\t\t\t<ul class=\"elementor-icon-list-items elementor-inline-items\">\n\t\t\t\t\t\t\t<li class=\"elementor-icon-list-item elementor-inline-item\">\n\t\t\t\t\t\t\t\t\t\t<span class=\"elementor-icon-list-text\">Hotels<\/span>\n\t\t\t\t\t\t\t\t\t<\/li>\n\t\t\t\t\t\t\t\t<li class=\"elementor-icon-list-item elementor-inline-item\">\n\t\t\t\t\t\t\t\t\t\t<span class=\"elementor-icon-list-text\">Schwimmb\u00e4der<\/span>\n\t\t\t\t\t\t\t\t\t<\/li>\n\t\t\t\t\t\t\t\t<li class=\"elementor-icon-list-item elementor-inline-item\">\n\t\t\t\t\t\t\t\t\t\t<span class=\"elementor-icon-list-text\">Umkleider\u00e4ume<\/span>\n\t\t\t\t\t\t\t\t\t<\/li>\n\t\t\t\t\t\t<\/ul>\n\t\t\t\t\t\t<\/div>\n\t\t\t\t<\/div>\n\t\t\t\t<div class=\"elementor-element elementor-element-33068383 elementor-align-left elementor-widget elementor-widget-button\" data-id=\"33068383\" data-element_type=\"widget\" data-e-type=\"widget\" data-widget_type=\"button.default\">\n\t\t\t\t<div class=\"elementor-widget-container\">\n\t\t\t\t\t\t\t\t\t<div class=\"elementor-button-wrapper\">\n\t\t\t\t\t<a class=\"elementor-button elementor-button-link elementor-size-sm elementor-animation-float\" href=\"#form\">\n\t\t\t\t\t\t<span class=\"elementor-button-content-wrapper\">\n\t\t\t\t\t\t<span class=\"elementor-button-icon\">\n\t\t\t\t\t\t\t<\/span>\n\t\t\t\t\t\t\t\t\t<span class=\"elementor-button-text\">Kontaktieren Sie uns f\u00fcr Informationen<\/span>\n\t\t\t\t\t<\/span>\n\t\t\t\t\t<\/a>\n\t\t\t\t<\/div>\n\t\t\t\t\t\t\t\t<\/div>\n\t\t\t\t<\/div>\n\t\t\t\t\t<\/div>\n\t\t<\/div>\n\t\t\t\t<div class=\"elementor-column elementor-col-50 elementor-top-column elementor-element elementor-element-5831f0c9 elementor-hidden-tablet elementor-hidden-mobile\" data-id=\"5831f0c9\" data-element_type=\"column\" data-e-type=\"column\" data-settings=\"{&quot;background_background&quot;:&quot;classic&quot;}\">\n\t\t\t<div class=\"elementor-widget-wrap elementor-element-populated\">\n\t\t\t\t\t\t<div class=\"elementor-element elementor-element-4568f746 elementor-widget elementor-widget-spacer\" data-id=\"4568f746\" data-element_type=\"widget\" data-e-type=\"widget\" data-widget_type=\"spacer.default\">\n\t\t\t\t<div class=\"elementor-widget-container\">\n\t\t\t\t\t\t\t<div class=\"elementor-spacer\">\n\t\t\t<div class=\"elementor-spacer-inner\"><\/div>\n\t\t<\/div>\n\t\t\t\t\t\t<\/div>\n\t\t\t\t<\/div>\n\t\t\t\t<div class=\"elementor-element elementor-element-7e27ac7c elementor-widget elementor-widget-image\" data-id=\"7e27ac7c\" data-element_type=\"widget\" data-e-type=\"widget\" data-widget_type=\"image.default\">\n\t\t\t\t<div class=\"elementor-widget-container\">\n\t\t\t\t\t\t\t\t\t\t\t\t\t\t\t<img fetchpriority=\"high\" decoding=\"async\" width=\"800\" height=\"384\" src=\"data:image\/gif;base64,R0lGODlhAQABAIAAAAAAAP\/\/\/yH5BAEAAAAALAAAAAABAAEAAAIBRAA7\" data-src=\"https:\/\/www.egger-oskar.it\/wp-content\/uploads\/2022\/08\/IPC-header-asciugatrici.jpg\" class=\"attachment-large size-large wp-image-4020 lazyload\" alt=\"\" data-srcset=\"https:\/\/www.egger-oskar.it\/wp-content\/uploads\/2022\/08\/IPC-header-asciugatrici.jpg 980w, https:\/\/www.egger-oskar.it\/wp-content\/uploads\/2022\/08\/IPC-header-asciugatrici-300x144.jpg 300w, https:\/\/www.egger-oskar.it\/wp-content\/uploads\/2022\/08\/IPC-header-asciugatrici-768x368.jpg 768w\" sizes=\"(max-width: 800px) 100vw, 800px\" \/><noscript><img decoding=\"async\" width=\"800\" height=\"384\" src=\"https:\/\/www.egger-oskar.it\/wp-content\/uploads\/2022\/08\/IPC-header-asciugatrici.jpg\" class=\"attachment-large size-large wp-image-4020 lazyload\" alt=\"\" srcset=\"https:\/\/www.egger-oskar.it\/wp-content\/uploads\/2022\/08\/IPC-header-asciugatrici.jpg 980w, https:\/\/www.egger-oskar.it\/wp-content\/uploads\/2022\/08\/IPC-header-asciugatrici-300x144.jpg 300w, https:\/\/www.egger-oskar.it\/wp-content\/uploads\/2022\/08\/IPC-header-asciugatrici-768x368.jpg 768w\" sizes=\"(max-width: 800px) 100vw, 800px\" \/><\/noscript>\t\t\t\t\t\t\t\t\t\t\t\t\t\t\t<\/div>\n\t\t\t\t<\/div>\n\t\t\t\t\t<\/div>\n\t\t<\/div>\n\t\t\t\t\t<\/div>\n\t\t<\/section>\n\t\t\t\t<section class=\"elementor-section elementor-top-section elementor-element elementor-element-4a43a480 elementor-section-boxed elementor-section-height-default elementor-section-height-default\" data-id=\"4a43a480\" data-element_type=\"section\" data-e-type=\"section\">\n\t\t\t\t\t\t<div class=\"elementor-container elementor-column-gap-default\">\n\t\t\t\t\t<div class=\"elementor-column elementor-col-100 elementor-top-column elementor-element elementor-element-5495a944\" data-id=\"5495a944\" data-element_type=\"column\" data-e-type=\"column\">\n\t\t\t<div class=\"elementor-widget-wrap elementor-element-populated\">\n\t\t\t\t\t\t<div class=\"elementor-element elementor-element-23f08a9 elementor-align-center elementor-widget elementor-widget-breadcrumbs\" data-id=\"23f08a9\" data-element_type=\"widget\" data-e-type=\"widget\" data-widget_type=\"breadcrumbs.default\">\n\t\t\t\t<div class=\"elementor-widget-container\">\n\t\t\t\t\t<p id=\"breadcrumbs\"><span><span><a href=\"https:\/\/www.egger-oskar.it\/de\/\">Home<\/a><\/span><\/span><\/p>\t\t\t\t<\/div>\n\t\t\t\t<\/div>\n\t\t\t\t\t<\/div>\n\t\t<\/div>\n\t\t\t\t\t<\/div>\n\t\t<\/section>\n\t\t\t\t<section class=\"elementor-section elementor-top-section elementor-element elementor-element-5628b203 elementor-section-full_width elementor-section-height-min-height elementor-section-items-stretch elementor-reverse-mobile elementor-section-height-default\" data-id=\"5628b203\" data-element_type=\"section\" data-e-type=\"section\" id=\"lavasciuga-uomo-a-terra\">\n\t\t\t\t\t\t<div class=\"elementor-container elementor-column-gap-default\">\n\t\t\t\t\t<div class=\"elementor-column elementor-col-50 elementor-top-column elementor-element elementor-element-596d677\" data-id=\"596d677\" data-element_type=\"column\" data-e-type=\"column\" data-settings=\"{&quot;background_background&quot;:&quot;classic&quot;}\">\n\t\t\t<div class=\"elementor-widget-wrap elementor-element-populated\">\n\t\t\t\t\t\t<div class=\"elementor-element elementor-element-2186d3bd elementor--h-position-right elementor--v-position-top elementor-arrows-position-inside elementor-widget elementor-widget-slides\" data-id=\"2186d3bd\" data-element_type=\"widget\" data-e-type=\"widget\" data-settings=\"{&quot;navigation&quot;:&quot;arrows&quot;,&quot;autoplay&quot;:&quot;yes&quot;,&quot;pause_on_hover&quot;:&quot;yes&quot;,&quot;pause_on_interaction&quot;:&quot;yes&quot;,&quot;autoplay_speed&quot;:5000,&quot;infinite&quot;:&quot;yes&quot;,&quot;transition&quot;:&quot;slide&quot;,&quot;transition_speed&quot;:500}\" data-widget_type=\"slides.default\">\n\t\t\t\t<div class=\"elementor-widget-container\">\n\t\t\t\t\t\t\t\t\t<div class=\"elementor-swiper\">\n\t\t\t\t\t<div class=\"elementor-slides-wrapper elementor-main-swiper swiper\" role=\"region\" aria-roledescription=\"carousel\" aria-label=\"Slides\" dir=\"ltr\" data-animation=\"fadeInUp\">\n\t\t\t\t<div class=\"swiper-wrapper elementor-slides\">\n\t\t\t\t\t\t\t\t\t\t<div class=\"elementor-repeater-item-91e7a7a swiper-slide\" role=\"group\" aria-roledescription=\"slide\"><div class=\"swiper-slide-bg\" role=\"img\" aria-label=\"IPC-Arial\"><\/div><div class=\"swiper-slide-inner\" ><div class=\"swiper-slide-contents\"><div class=\"elementor-slide-heading\">ARIAL<\/div><\/div><\/div><\/div>\t\t\t\t<\/div>\n\t\t\t\t\t\t\t<\/div>\n\t\t\t\t<\/div>\n\t\t\t\t\t\t\t\t<\/div>\n\t\t\t\t<\/div>\n\t\t\t\t\t<\/div>\n\t\t<\/div>\n\t\t\t\t<div class=\"elementor-column elementor-col-50 elementor-top-column elementor-element elementor-element-79f7d280\" data-id=\"79f7d280\" data-element_type=\"column\" data-e-type=\"column\" data-settings=\"{&quot;background_background&quot;:&quot;classic&quot;}\">\n\t\t\t<div class=\"elementor-widget-wrap elementor-element-populated\">\n\t\t\t\t\t\t<div class=\"elementor-element elementor-element-2d561cb0 elementor-widget elementor-widget-heading\" data-id=\"2d561cb0\" data-element_type=\"widget\" data-e-type=\"widget\" data-widget_type=\"heading.default\">\n\t\t\t\t<div class=\"elementor-widget-container\">\n\t\t\t\t\t<h2 class=\"elementor-heading-title elementor-size-default\">Die Produktpalette<\/h2>\t\t\t\t<\/div>\n\t\t\t\t<\/div>\n\t\t\t\t<div class=\"elementor-element elementor-element-4ed46a0c elementor-widget elementor-widget-text-editor\" data-id=\"4ed46a0c\" data-element_type=\"widget\" data-e-type=\"widget\" data-widget_type=\"text-editor.default\">\n\t\t\t\t<div class=\"elementor-widget-container\">\n\t\t\t\t\t\t\t\t\tIPC bietet eine breite Palette von H\u00e4ndetrocknern und F\u00f6hns an, die mit Fotozelle oder Druckknopf erh\u00e4ltlich und ideal f\u00fcr Hotels, Schwimmb\u00e4der und Umkleider\u00e4ume sind.\t\t\t\t\t\t\t\t<\/div>\n\t\t\t\t<\/div>\n\t\t\t\t<div class=\"elementor-element elementor-element-5be61a9e elementor-align-left elementor-widget elementor-widget-button\" data-id=\"5be61a9e\" data-element_type=\"widget\" data-e-type=\"widget\" data-widget_type=\"button.default\">\n\t\t\t\t<div class=\"elementor-widget-container\">\n\t\t\t\t\t\t\t\t\t<div class=\"elementor-button-wrapper\">\n\t\t\t\t\t<a class=\"elementor-button elementor-button-link elementor-size-sm elementor-animation-float\" href=\"#form\">\n\t\t\t\t\t\t<span class=\"elementor-button-content-wrapper\">\n\t\t\t\t\t\t<span class=\"elementor-button-icon\">\n\t\t\t\t\t\t\t<\/span>\n\t\t\t\t\t\t\t\t\t<span class=\"elementor-button-text\">Kontaktieren Sie uns f\u00fcr Informationen<\/span>\n\t\t\t\t\t<\/span>\n\t\t\t\t\t<\/a>\n\t\t\t\t<\/div>\n\t\t\t\t\t\t\t\t<\/div>\n\t\t\t\t<\/div>\n\t\t\t\t\t<\/div>\n\t\t<\/div>\n\t\t\t\t\t<\/div>\n\t\t<\/section>\n\t\t\t\t<section class=\"elementor-section elementor-top-section elementor-element elementor-element-78d6eab elementor-section-boxed elementor-section-height-default elementor-section-height-default\" data-id=\"78d6eab\" data-element_type=\"section\" data-e-type=\"section\">\n\t\t\t\t\t\t<div class=\"elementor-container elementor-column-gap-default\">\n\t\t\t\t\t<div class=\"elementor-column elementor-col-33 elementor-top-column elementor-element elementor-element-0a838b9\" data-id=\"0a838b9\" data-element_type=\"column\" data-e-type=\"column\">\n\t\t\t<div class=\"elementor-widget-wrap\">\n\t\t\t\t\t\t\t<\/div>\n\t\t<\/div>\n\t\t\t\t<div class=\"elementor-column elementor-col-33 elementor-top-column elementor-element elementor-element-1b752ea\" data-id=\"1b752ea\" data-element_type=\"column\" data-e-type=\"column\">\n\t\t\t<div class=\"elementor-widget-wrap\">\n\t\t\t\t\t\t\t<\/div>\n\t\t<\/div>\n\t\t\t\t<div class=\"elementor-column elementor-col-33 elementor-top-column elementor-element elementor-element-b3231c2\" data-id=\"b3231c2\" data-element_type=\"column\" data-e-type=\"column\">\n\t\t\t<div class=\"elementor-widget-wrap\">\n\t\t\t\t\t\t\t<\/div>\n\t\t<\/div>\n\t\t\t\t\t<\/div>\n\t\t<\/section>\n\t\t\t\t<\/div>\n\t\t","protected":false},"excerpt":{"rendered":"<p>Trockner Eine breite Palette von H\u00e4nde&#8211; und Haartrocknern, die mit der neuesten Technologie hergestellt werden. Ideal f\u00fcr: Hotels Schwimmb\u00e4der Umkleider\u00e4ume arrow-icon-size3 Kontaktieren Sie uns f\u00fcr Informationen ARIAL Die Produktpalette IPC bietet eine breite Palette von H\u00e4ndetrocknern und F\u00f6hns an, die mit Fotozelle oder Druckknopf erh\u00e4ltlich und ideal f\u00fcr Hotels, Schwimmb\u00e4der und Umkleider\u00e4ume sind. arrow-icon-size3 Kontaktieren [&hellip;]<\/p>\n","protected":false},"author":1,"featured_media":0,"parent":0,"menu_order":0,"comment_status":"closed","ping_status":"closed","template":"elementor_header_footer","meta":{"footnotes":""},"class_list":["post-4606","page","type-page","status-publish","hentry"],"yoast_head":"<!-- This site is optimized with the Yoast SEO plugin v27.5 - https:\/\/yoast.com\/product\/yoast-seo-wordpress\/ -->\n<title>Trockner - Egger<\/title>\n<meta name=\"robots\" content=\"index, follow, max-snippet:-1, max-image-preview:large, max-video-preview:-1\" \/>\n<link rel=\"canonical\" href=\"https:\/\/www.egger-oskar.it\/de\/trockner\/\" \/>\n<meta property=\"og:locale\" content=\"de_DE\" \/>\n<meta property=\"og:type\" content=\"article\" \/>\n<meta property=\"og:title\" content=\"Trockner - Egger\" \/>\n<meta property=\"og:description\" content=\"Trockner Eine breite Palette von H\u00e4nde&#8211; und Haartrocknern, die mit der neuesten Technologie hergestellt werden. Ideal f\u00fcr: Hotels Schwimmb\u00e4der Umkleider\u00e4ume arrow-icon-size3 Kontaktieren Sie uns f\u00fcr Informationen ARIAL Die Produktpalette IPC bietet eine breite Palette von H\u00e4ndetrocknern und F\u00f6hns an, die mit Fotozelle oder Druckknopf erh\u00e4ltlich und ideal f\u00fcr Hotels, Schwimmb\u00e4der und Umkleider\u00e4ume sind. arrow-icon-size3 Kontaktieren [&hellip;]\" \/>\n<meta property=\"og:url\" content=\"https:\/\/www.egger-oskar.it\/de\/trockner\/\" \/>\n<meta property=\"og:site_name\" content=\"Egger\" \/>\n<meta property=\"article:modified_time\" content=\"2022-09-23T11:06:27+00:00\" \/>\n<meta property=\"og:image\" content=\"http:\/\/egger-oskar.it\/wp-content\/uploads\/2022\/08\/IPC-header-asciugatrici.jpg\" \/>\n<meta name=\"twitter:card\" content=\"summary_large_image\" \/>\n<script type=\"application\/ld+json\" class=\"yoast-schema-graph\">{\"@context\":\"https:\\\/\\\/schema.org\",\"@graph\":[{\"@type\":\"WebPage\",\"@id\":\"https:\\\/\\\/www.egger-oskar.it\\\/de\\\/trockner\\\/\",\"url\":\"https:\\\/\\\/www.egger-oskar.it\\\/de\\\/trockner\\\/\",\"name\":\"Trockner - Egger\",\"isPartOf\":{\"@id\":\"https:\\\/\\\/www.egger-oskar.it\\\/de\\\/#website\"},\"primaryImageOfPage\":{\"@id\":\"https:\\\/\\\/www.egger-oskar.it\\\/de\\\/trockner\\\/#primaryimage\"},\"image\":{\"@id\":\"https:\\\/\\\/www.egger-oskar.it\\\/de\\\/trockner\\\/#primaryimage\"},\"thumbnailUrl\":\"http:\\\/\\\/egger-oskar.it\\\/wp-content\\\/uploads\\\/2022\\\/08\\\/IPC-header-asciugatrici.jpg\",\"datePublished\":\"2022-08-24T10:47:14+00:00\",\"dateModified\":\"2022-09-23T11:06:27+00:00\",\"breadcrumb\":{\"@id\":\"https:\\\/\\\/www.egger-oskar.it\\\/de\\\/trockner\\\/#breadcrumb\"},\"inLanguage\":\"de-DE\",\"potentialAction\":[{\"@type\":\"ReadAction\",\"target\":[\"https:\\\/\\\/www.egger-oskar.it\\\/de\\\/trockner\\\/\"]}]},{\"@type\":\"ImageObject\",\"inLanguage\":\"de-DE\",\"@id\":\"https:\\\/\\\/www.egger-oskar.it\\\/de\\\/trockner\\\/#primaryimage\",\"url\":\"http:\\\/\\\/egger-oskar.it\\\/wp-content\\\/uploads\\\/2022\\\/08\\\/IPC-header-asciugatrici.jpg\",\"contentUrl\":\"http:\\\/\\\/egger-oskar.it\\\/wp-content\\\/uploads\\\/2022\\\/08\\\/IPC-header-asciugatrici.jpg\"},{\"@type\":\"BreadcrumbList\",\"@id\":\"https:\\\/\\\/www.egger-oskar.it\\\/de\\\/trockner\\\/#breadcrumb\",\"itemListElement\":[{\"@type\":\"ListItem\",\"position\":1,\"name\":\"Home\",\"item\":\"https:\\\/\\\/www.egger-oskar.it\\\/de\\\/\"},{\"@type\":\"ListItem\",\"position\":2,\"name\":\"Trockner\"}]},{\"@type\":\"WebSite\",\"@id\":\"https:\\\/\\\/www.egger-oskar.it\\\/de\\\/#website\",\"url\":\"https:\\\/\\\/www.egger-oskar.it\\\/de\\\/\",\"name\":\"Egger\",\"description\":\"Idropulitrici Merano\",\"publisher\":{\"@id\":\"https:\\\/\\\/www.egger-oskar.it\\\/de\\\/#organization\"},\"potentialAction\":[{\"@type\":\"SearchAction\",\"target\":{\"@type\":\"EntryPoint\",\"urlTemplate\":\"https:\\\/\\\/www.egger-oskar.it\\\/de\\\/?s={search_term_string}\"},\"query-input\":{\"@type\":\"PropertyValueSpecification\",\"valueRequired\":true,\"valueName\":\"search_term_string\"}}],\"inLanguage\":\"de-DE\"},{\"@type\":\"Organization\",\"@id\":\"https:\\\/\\\/www.egger-oskar.it\\\/de\\\/#organization\",\"name\":\"Egger\",\"url\":\"https:\\\/\\\/www.egger-oskar.it\\\/de\\\/\",\"logo\":{\"@type\":\"ImageObject\",\"inLanguage\":\"de-DE\",\"@id\":\"https:\\\/\\\/www.egger-oskar.it\\\/de\\\/#\\\/schema\\\/logo\\\/image\\\/\",\"url\":\"https:\\\/\\\/www.egger-oskar.it\\\/wp-content\\\/uploads\\\/2022\\\/05\\\/egger.png\",\"contentUrl\":\"https:\\\/\\\/www.egger-oskar.it\\\/wp-content\\\/uploads\\\/2022\\\/05\\\/egger.png\",\"width\":250,\"height\":65,\"caption\":\"Egger\"},\"image\":{\"@id\":\"https:\\\/\\\/www.egger-oskar.it\\\/de\\\/#\\\/schema\\\/logo\\\/image\\\/\"}}]}<\/script>\n<!-- \/ Yoast SEO plugin. -->","yoast_head_json":{"title":"Trockner - Egger","robots":{"index":"index","follow":"follow","max-snippet":"max-snippet:-1","max-image-preview":"max-image-preview:large","max-video-preview":"max-video-preview:-1"},"canonical":"https:\/\/www.egger-oskar.it\/de\/trockner\/","og_locale":"de_DE","og_type":"article","og_title":"Trockner - Egger","og_description":"Trockner Eine breite Palette von H\u00e4nde&#8211; und Haartrocknern, die mit der neuesten Technologie hergestellt werden. Ideal f\u00fcr: Hotels Schwimmb\u00e4der Umkleider\u00e4ume arrow-icon-size3 Kontaktieren Sie uns f\u00fcr Informationen ARIAL Die Produktpalette IPC bietet eine breite Palette von H\u00e4ndetrocknern und F\u00f6hns an, die mit Fotozelle oder Druckknopf erh\u00e4ltlich und ideal f\u00fcr Hotels, Schwimmb\u00e4der und Umkleider\u00e4ume sind. arrow-icon-size3 Kontaktieren [&hellip;]","og_url":"https:\/\/www.egger-oskar.it\/de\/trockner\/","og_site_name":"Egger","article_modified_time":"2022-09-23T11:06:27+00:00","og_image":[{"url":"http:\/\/egger-oskar.it\/wp-content\/uploads\/2022\/08\/IPC-header-asciugatrici.jpg","type":"","width":"","height":""}],"twitter_card":"summary_large_image","schema":{"@context":"https:\/\/schema.org","@graph":[{"@type":"WebPage","@id":"https:\/\/www.egger-oskar.it\/de\/trockner\/","url":"https:\/\/www.egger-oskar.it\/de\/trockner\/","name":"Trockner - Egger","isPartOf":{"@id":"https:\/\/www.egger-oskar.it\/de\/#website"},"primaryImageOfPage":{"@id":"https:\/\/www.egger-oskar.it\/de\/trockner\/#primaryimage"},"image":{"@id":"https:\/\/www.egger-oskar.it\/de\/trockner\/#primaryimage"},"thumbnailUrl":"http:\/\/egger-oskar.it\/wp-content\/uploads\/2022\/08\/IPC-header-asciugatrici.jpg","datePublished":"2022-08-24T10:47:14+00:00","dateModified":"2022-09-23T11:06:27+00:00","breadcrumb":{"@id":"https:\/\/www.egger-oskar.it\/de\/trockner\/#breadcrumb"},"inLanguage":"de-DE","potentialAction":[{"@type":"ReadAction","target":["https:\/\/www.egger-oskar.it\/de\/trockner\/"]}]},{"@type":"ImageObject","inLanguage":"de-DE","@id":"https:\/\/www.egger-oskar.it\/de\/trockner\/#primaryimage","url":"http:\/\/egger-oskar.it\/wp-content\/uploads\/2022\/08\/IPC-header-asciugatrici.jpg","contentUrl":"http:\/\/egger-oskar.it\/wp-content\/uploads\/2022\/08\/IPC-header-asciugatrici.jpg"},{"@type":"BreadcrumbList","@id":"https:\/\/www.egger-oskar.it\/de\/trockner\/#breadcrumb","itemListElement":[{"@type":"ListItem","position":1,"name":"Home","item":"https:\/\/www.egger-oskar.it\/de\/"},{"@type":"ListItem","position":2,"name":"Trockner"}]},{"@type":"WebSite","@id":"https:\/\/www.egger-oskar.it\/de\/#website","url":"https:\/\/www.egger-oskar.it\/de\/","name":"Egger","description":"Idropulitrici Merano","publisher":{"@id":"https:\/\/www.egger-oskar.it\/de\/#organization"},"potentialAction":[{"@type":"SearchAction","target":{"@type":"EntryPoint","urlTemplate":"https:\/\/www.egger-oskar.it\/de\/?s={search_term_string}"},"query-input":{"@type":"PropertyValueSpecification","valueRequired":true,"valueName":"search_term_string"}}],"inLanguage":"de-DE"},{"@type":"Organization","@id":"https:\/\/www.egger-oskar.it\/de\/#organization","name":"Egger","url":"https:\/\/www.egger-oskar.it\/de\/","logo":{"@type":"ImageObject","inLanguage":"de-DE","@id":"https:\/\/www.egger-oskar.it\/de\/#\/schema\/logo\/image\/","url":"https:\/\/www.egger-oskar.it\/wp-content\/uploads\/2022\/05\/egger.png","contentUrl":"https:\/\/www.egger-oskar.it\/wp-content\/uploads\/2022\/05\/egger.png","width":250,"height":65,"caption":"Egger"},"image":{"@id":"https:\/\/www.egger-oskar.it\/de\/#\/schema\/logo\/image\/"}}]}},"_links":{"self":[{"href":"https:\/\/www.egger-oskar.it\/de\/wp-json\/wp\/v2\/pages\/4606","targetHints":{"allow":["GET"]}}],"collection":[{"href":"https:\/\/www.egger-oskar.it\/de\/wp-json\/wp\/v2\/pages"}],"about":[{"href":"https:\/\/www.egger-oskar.it\/de\/wp-json\/wp\/v2\/types\/page"}],"author":[{"embeddable":true,"href":"https:\/\/www.egger-oskar.it\/de\/wp-json\/wp\/v2\/users\/1"}],"replies":[{"embeddable":true,"href":"https:\/\/www.egger-oskar.it\/de\/wp-json\/wp\/v2\/comments?post=4606"}],"version-history":[{"count":0,"href":"https:\/\/www.egger-oskar.it\/de\/wp-json\/wp\/v2\/pages\/4606\/revisions"}],"wp:attachment":[{"href":"https:\/\/www.egger-oskar.it\/de\/wp-json\/wp\/v2\/media?parent=4606"}],"curies":[{"name":"wp","href":"https:\/\/api.w.org\/{rel}","templated":true}]}}