{"id":5510,"date":"2023-01-30T09:48:52","date_gmt":"2023-01-30T09:48:52","guid":{"rendered":"http:\/\/egger-oskar.it\/luftentfeuchter\/"},"modified":"2023-03-14T12:56:20","modified_gmt":"2023-03-14T12:56:20","slug":"luftentfeuchter","status":"publish","type":"page","link":"https:\/\/www.egger-oskar.it\/de\/luftentfeuchter\/","title":{"rendered":"Luftentfeuchter"},"content":{"rendered":"\t\t<div data-elementor-type=\"wp-page\" data-elementor-id=\"5510\" class=\"elementor elementor-5510 elementor-4712\" data-elementor-post-type=\"page\">\n\t\t\t\t\t\t<section class=\"elementor-section elementor-top-section elementor-element elementor-element-353017a6 elementor-section-full_width elementor-section-height-min-height elementor-section-items-stretch elementor-section-content-middle elementor-section-height-default\" data-id=\"353017a6\" data-element_type=\"section\" data-e-type=\"section\">\n\t\t\t\t\t\t<div class=\"elementor-container elementor-column-gap-default\">\n\t\t\t\t\t<div class=\"elementor-column elementor-col-50 elementor-top-column elementor-element elementor-element-438f9106\" data-id=\"438f9106\" data-element_type=\"column\" data-e-type=\"column\" data-settings=\"{&quot;background_background&quot;:&quot;classic&quot;}\">\n\t\t\t<div class=\"elementor-widget-wrap elementor-element-populated\">\n\t\t\t\t\t\t<div class=\"elementor-element elementor-element-7f64605e elementor-hidden-tablet elementor-hidden-mobile elementor-widget elementor-widget-spacer\" data-id=\"7f64605e\" data-element_type=\"widget\" data-e-type=\"widget\" data-widget_type=\"spacer.default\">\n\t\t\t\t<div class=\"elementor-widget-container\">\n\t\t\t\t\t\t\t<div class=\"elementor-spacer\">\n\t\t\t<div class=\"elementor-spacer-inner\"><\/div>\n\t\t<\/div>\n\t\t\t\t\t\t<\/div>\n\t\t\t\t<\/div>\n\t\t\t\t<div class=\"elementor-element elementor-element-14d805a3 elementor-widget elementor-widget-heading\" data-id=\"14d805a3\" data-element_type=\"widget\" data-e-type=\"widget\" data-widget_type=\"heading.default\">\n\t\t\t\t<div class=\"elementor-widget-container\">\n\t\t\t\t\t<h1 class=\"elementor-heading-title elementor-size-default\">Professionelle Luftentfeuchter<\/h1>\t\t\t\t<\/div>\n\t\t\t\t<\/div>\n\t\t\t\t<div class=\"elementor-element elementor-element-574ce282 elementor-widget elementor-widget-text-editor\" data-id=\"574ce282\" data-element_type=\"widget\" data-e-type=\"widget\" data-widget_type=\"text-editor.default\">\n\t\t\t\t<div class=\"elementor-widget-container\">\n\t\t\t\t\t\t\t\t\t<p>Unser Lieferant ist die Firma <a href=\"https:\/\/biemmedue.com\" target=\"_blank\" rel=\"noopener\">BIEMMEDUE<\/a>, ein weltweit f\u00fchrendes Unternehmen in der Entwicklung von Hei\u00dflufterzeugern, industriellen Reinigungsmaschinen und professionellen Luftentfeuchtern.<\/p>\n\t\t\t\t\t\t\t\t<\/div>\n\t\t\t\t<\/div>\n\t\t\t\t<div class=\"elementor-element elementor-element-6fdcdb64 elementor-widget elementor-widget-heading\" data-id=\"6fdcdb64\" data-element_type=\"widget\" data-e-type=\"widget\" data-widget_type=\"heading.default\">\n\t\t\t\t<div class=\"elementor-widget-container\">\n\t\t\t\t\t<h2 class=\"elementor-heading-title elementor-size-default\">Ideal f\u00fcr:<\/h2>\t\t\t\t<\/div>\n\t\t\t\t<\/div>\n\t\t\t\t<div class=\"elementor-element elementor-element-6b40239b elementor-icon-list--layout-inline elementor-align-start elementor-list-item-link-full_width elementor-widget elementor-widget-icon-list\" data-id=\"6b40239b\" data-element_type=\"widget\" data-e-type=\"widget\" data-widget_type=\"icon-list.default\">\n\t\t\t\t<div class=\"elementor-widget-container\">\n\t\t\t\t\t\t\t<ul class=\"elementor-icon-list-items elementor-inline-items\">\n\t\t\t\t\t\t\t<li class=\"elementor-icon-list-item elementor-inline-item\">\n\t\t\t\t\t\t\t\t\t\t<span class=\"elementor-icon-list-text\">Industrie<\/span>\n\t\t\t\t\t\t\t\t\t<\/li>\n\t\t\t\t\t\t\t\t<li class=\"elementor-icon-list-item elementor-inline-item\">\n\t\t\t\t\t\t\t\t\t\t<span class=\"elementor-icon-list-text\">Automotive<\/span>\n\t\t\t\t\t\t\t\t\t<\/li>\n\t\t\t\t\t\t\t\t<li class=\"elementor-icon-list-item elementor-inline-item\">\n\t\t\t\t\t\t\t\t\t\t<span class=\"elementor-icon-list-text\">Werkstatt<\/span>\n\t\t\t\t\t\t\t\t\t<\/li>\n\t\t\t\t\t\t<\/ul>\n\t\t\t\t\t\t<\/div>\n\t\t\t\t<\/div>\n\t\t\t\t<div class=\"elementor-element elementor-element-334a414a elementor-align-left elementor-widget elementor-widget-button\" data-id=\"334a414a\" data-element_type=\"widget\" data-e-type=\"widget\" data-widget_type=\"button.default\">\n\t\t\t\t<div class=\"elementor-widget-container\">\n\t\t\t\t\t\t\t\t\t<div class=\"elementor-button-wrapper\">\n\t\t\t\t\t<a class=\"elementor-button elementor-button-link elementor-size-sm elementor-animation-float\" href=\"#form\">\n\t\t\t\t\t\t<span class=\"elementor-button-content-wrapper\">\n\t\t\t\t\t\t<span class=\"elementor-button-icon\">\n\t\t\t\t\t\t\t<\/span>\n\t\t\t\t\t\t\t\t\t<span class=\"elementor-button-text\">Kontaktieren Sie uns f\u00fcr Informationen<\/span>\n\t\t\t\t\t<\/span>\n\t\t\t\t\t<\/a>\n\t\t\t\t<\/div>\n\t\t\t\t\t\t\t\t<\/div>\n\t\t\t\t<\/div>\n\t\t\t\t\t<\/div>\n\t\t<\/div>\n\t\t\t\t<div class=\"elementor-column elementor-col-50 elementor-top-column elementor-element elementor-element-7af11069 elementor-hidden-tablet elementor-hidden-mobile\" data-id=\"7af11069\" data-element_type=\"column\" data-e-type=\"column\" data-settings=\"{&quot;background_background&quot;:&quot;classic&quot;}\">\n\t\t\t<div class=\"elementor-widget-wrap elementor-element-populated\">\n\t\t\t\t\t\t<div class=\"elementor-element elementor-element-6c8690f3 elementor-widget elementor-widget-spacer\" data-id=\"6c8690f3\" data-element_type=\"widget\" data-e-type=\"widget\" data-widget_type=\"spacer.default\">\n\t\t\t\t<div class=\"elementor-widget-container\">\n\t\t\t\t\t\t\t<div class=\"elementor-spacer\">\n\t\t\t<div class=\"elementor-spacer-inner\"><\/div>\n\t\t<\/div>\n\t\t\t\t\t\t<\/div>\n\t\t\t\t<\/div>\n\t\t\t\t<div class=\"elementor-element elementor-element-655dd03f elementor-widget elementor-widget-image\" data-id=\"655dd03f\" data-element_type=\"widget\" data-e-type=\"widget\" data-widget_type=\"image.default\">\n\t\t\t\t<div class=\"elementor-widget-container\">\n\t\t\t\t\t\t\t\t\t\t\t\t\t\t\t<img fetchpriority=\"high\" decoding=\"async\" width=\"800\" height=\"334\" src=\"data:image\/gif;base64,R0lGODlhAQABAIAAAAAAAP\/\/\/yH5BAEAAAAALAAAAAABAAEAAAIBRAA7\" data-src=\"https:\/\/www.egger-oskar.it\/wp-content\/uploads\/2023\/01\/Senzatitolo-11-1024x427.jpg\" class=\"attachment-large size-large wp-image-4737 lazyload\" alt=\"\" data-srcset=\"https:\/\/www.egger-oskar.it\/wp-content\/uploads\/2023\/01\/Senzatitolo-11-1024x427.jpg 1024w, https:\/\/www.egger-oskar.it\/wp-content\/uploads\/2023\/01\/Senzatitolo-11-300x125.jpg 300w, https:\/\/www.egger-oskar.it\/wp-content\/uploads\/2023\/01\/Senzatitolo-11-768x320.jpg 768w, https:\/\/www.egger-oskar.it\/wp-content\/uploads\/2023\/01\/Senzatitolo-11.jpg 1200w\" sizes=\"(max-width: 800px) 100vw, 800px\" \/><noscript><img decoding=\"async\" width=\"800\" height=\"334\" src=\"https:\/\/www.egger-oskar.it\/wp-content\/uploads\/2023\/01\/Senzatitolo-11-1024x427.jpg\" class=\"attachment-large size-large wp-image-4737 lazyload\" alt=\"\" srcset=\"https:\/\/www.egger-oskar.it\/wp-content\/uploads\/2023\/01\/Senzatitolo-11-1024x427.jpg 1024w, https:\/\/www.egger-oskar.it\/wp-content\/uploads\/2023\/01\/Senzatitolo-11-300x125.jpg 300w, https:\/\/www.egger-oskar.it\/wp-content\/uploads\/2023\/01\/Senzatitolo-11-768x320.jpg 768w, https:\/\/www.egger-oskar.it\/wp-content\/uploads\/2023\/01\/Senzatitolo-11.jpg 1200w\" sizes=\"(max-width: 800px) 100vw, 800px\" \/><\/noscript>\t\t\t\t\t\t\t\t\t\t\t\t\t\t\t<\/div>\n\t\t\t\t<\/div>\n\t\t\t\t\t<\/div>\n\t\t<\/div>\n\t\t\t\t\t<\/div>\n\t\t<\/section>\n\t\t\t\t<section class=\"elementor-section elementor-top-section elementor-element elementor-element-7890fcfb elementor-section-boxed elementor-section-height-default elementor-section-height-default\" data-id=\"7890fcfb\" data-element_type=\"section\" data-e-type=\"section\">\n\t\t\t\t\t\t<div class=\"elementor-container elementor-column-gap-default\">\n\t\t\t\t\t<div class=\"elementor-column elementor-col-100 elementor-top-column elementor-element elementor-element-4bbf180b\" data-id=\"4bbf180b\" data-element_type=\"column\" data-e-type=\"column\">\n\t\t\t<div class=\"elementor-widget-wrap elementor-element-populated\">\n\t\t\t\t\t\t<div class=\"elementor-element elementor-element-2095eb2c elementor-align-center elementor-widget elementor-widget-breadcrumbs\" data-id=\"2095eb2c\" data-element_type=\"widget\" data-e-type=\"widget\" data-widget_type=\"breadcrumbs.default\">\n\t\t\t\t<div class=\"elementor-widget-container\">\n\t\t\t\t\t<p id=\"breadcrumbs\"><span><span><a href=\"https:\/\/www.egger-oskar.it\/de\/\">Home<\/a><\/span><\/span><\/p>\t\t\t\t<\/div>\n\t\t\t\t<\/div>\n\t\t\t\t\t<\/div>\n\t\t<\/div>\n\t\t\t\t\t<\/div>\n\t\t<\/section>\n\t\t\t\t<section class=\"elementor-section elementor-top-section elementor-element elementor-element-4b554a69 elementor-section-full_width elementor-section-height-min-height elementor-section-items-stretch elementor-reverse-mobile elementor-section-height-default\" data-id=\"4b554a69\" data-element_type=\"section\" data-e-type=\"section\" id=\"lavasciuga-uomo-a-terra\">\n\t\t\t\t\t\t<div class=\"elementor-container elementor-column-gap-default\">\n\t\t\t\t\t<div class=\"elementor-column elementor-col-50 elementor-top-column elementor-element elementor-element-910e33e\" data-id=\"910e33e\" data-element_type=\"column\" data-e-type=\"column\" data-settings=\"{&quot;background_background&quot;:&quot;classic&quot;}\">\n\t\t\t<div class=\"elementor-widget-wrap elementor-element-populated\">\n\t\t\t\t\t\t<div class=\"elementor-element elementor-element-6ceab670 elementor--h-position-right elementor--v-position-top elementor-arrows-position-inside elementor-widget elementor-widget-slides\" data-id=\"6ceab670\" data-element_type=\"widget\" data-e-type=\"widget\" data-settings=\"{&quot;navigation&quot;:&quot;arrows&quot;,&quot;autoplay&quot;:&quot;yes&quot;,&quot;pause_on_hover&quot;:&quot;yes&quot;,&quot;pause_on_interaction&quot;:&quot;yes&quot;,&quot;autoplay_speed&quot;:5000,&quot;infinite&quot;:&quot;yes&quot;,&quot;transition&quot;:&quot;slide&quot;,&quot;transition_speed&quot;:500}\" data-widget_type=\"slides.default\">\n\t\t\t\t<div class=\"elementor-widget-container\">\n\t\t\t\t\t\t\t\t\t<div class=\"elementor-swiper\">\n\t\t\t\t\t<div class=\"elementor-slides-wrapper elementor-main-swiper swiper\" role=\"region\" aria-roledescription=\"carousel\" aria-label=\"Slides\" dir=\"ltr\" data-animation=\"fadeInUp\">\n\t\t\t\t<div class=\"swiper-wrapper elementor-slides\">\n\t\t\t\t\t\t\t\t\t\t<div class=\"elementor-repeater-item-91e7a7a swiper-slide\" role=\"group\" aria-roledescription=\"slide\"><div class=\"swiper-slide-bg\" role=\"img\" aria-label=\"DEUMIDIFICATORE+DOMESTICO+DOMESTIC+DEHUMIDIFIERS+5\"><\/div><div class=\"swiper-slide-inner\" ><div class=\"swiper-slide-contents\"><div class=\"elementor-slide-heading\">DR 100<\/div><\/div><\/div><\/div><div class=\"elementor-repeater-item-8b5fc13 swiper-slide\" role=\"group\" aria-roledescription=\"slide\"><div class=\"swiper-slide-bg\" role=\"img\" aria-label=\"DR-50\"><\/div><div class=\"swiper-slide-inner\" ><div class=\"swiper-slide-contents\"><div class=\"elementor-slide-heading\">DR 50<\/div><\/div><\/div><\/div><div class=\"elementor-repeater-item-12ca876 swiper-slide\" role=\"group\" aria-roledescription=\"slide\"><div class=\"swiper-slide-bg\" role=\"img\" aria-label=\"DR-70\"><\/div><div class=\"swiper-slide-inner\" ><div class=\"swiper-slide-contents\"><div class=\"elementor-slide-heading\">DR 70<\/div><\/div><\/div><\/div>\t\t\t\t<\/div>\n\t\t\t\t\t\t\t\t\t\t\t\t\t\t\t<div class=\"elementor-swiper-button elementor-swiper-button-prev\" role=\"button\" tabindex=\"0\" aria-label=\"Previous slide\">\n\t\t\t\t\t\t\t<i aria-hidden=\"true\" class=\"eicon-chevron-left\"><\/i>\t\t\t\t\t\t<\/div>\n\t\t\t\t\t\t<div class=\"elementor-swiper-button elementor-swiper-button-next\" role=\"button\" tabindex=\"0\" aria-label=\"Next slide\">\n\t\t\t\t\t\t\t<i aria-hidden=\"true\" class=\"eicon-chevron-right\"><\/i>\t\t\t\t\t\t<\/div>\n\t\t\t\t\t\t\t\t\t\t\t\t\t\t\t\t\t<\/div>\n\t\t\t\t<\/div>\n\t\t\t\t\t\t\t\t<\/div>\n\t\t\t\t<\/div>\n\t\t\t\t\t<\/div>\n\t\t<\/div>\n\t\t\t\t<div class=\"elementor-column elementor-col-50 elementor-top-column elementor-element elementor-element-5c173b2d\" data-id=\"5c173b2d\" data-element_type=\"column\" data-e-type=\"column\" data-settings=\"{&quot;background_background&quot;:&quot;classic&quot;}\">\n\t\t\t<div class=\"elementor-widget-wrap elementor-element-populated\">\n\t\t\t\t\t\t<div class=\"elementor-element elementor-element-77ca25da elementor-widget elementor-widget-heading\" data-id=\"77ca25da\" data-element_type=\"widget\" data-e-type=\"widget\" data-widget_type=\"heading.default\">\n\t\t\t\t<div class=\"elementor-widget-container\">\n\t\t\t\t\t<h2 class=\"elementor-heading-title elementor-size-default\">DR f\u00fcr die Feuchtigkeitskontrolle in Innenr\u00e4umen<\/h2>\t\t\t\t<\/div>\n\t\t\t\t<\/div>\n\t\t\t\t<div class=\"elementor-element elementor-element-6e677cb7 elementor-widget elementor-widget-text-editor\" data-id=\"6e677cb7\" data-element_type=\"widget\" data-e-type=\"widget\" data-widget_type=\"text-editor.default\">\n\t\t\t\t<div class=\"elementor-widget-container\">\n\t\t\t\t\t\t\t\t\t<p>Die Luftentfeuchter von BIEMMEDUE sind in sich geschlossene Ger\u00e4te, die ohne Installation funktionieren, indem sie einfach mit einem Stecker an das Stromnetz angeschlossen werden.<\/p>\n<p>Die neuen Luftentfeuchter DR 2021 von BIEMMEDUE sind das Ergebnis einer anspruchsvollen und technologisch fortschrittlichen Designstudie, die sich auf Leistung, Qualit\u00e4t, Robustheit und Zuverl\u00e4ssigkeit konzentriert. Diese Eigenschaften machen den DR 2021 flexibel f\u00fcr die professionelle Entfeuchtung, die Trockenhaltung von Wohnr\u00e4umen, Archiven und Lagern sowie f\u00fcr die Trocknung nach Wassersch\u00e4den.<\/p>\n\t\t\t\t\t\t\t\t<\/div>\n\t\t\t\t<\/div>\n\t\t\t\t<div class=\"elementor-element elementor-element-3037c643 elementor-align-left elementor-widget elementor-widget-button\" data-id=\"3037c643\" data-element_type=\"widget\" data-e-type=\"widget\" data-widget_type=\"button.default\">\n\t\t\t\t<div class=\"elementor-widget-container\">\n\t\t\t\t\t\t\t\t\t<div class=\"elementor-button-wrapper\">\n\t\t\t\t\t<a class=\"elementor-button elementor-button-link elementor-size-sm elementor-animation-float\" href=\"#form\">\n\t\t\t\t\t\t<span class=\"elementor-button-content-wrapper\">\n\t\t\t\t\t\t<span class=\"elementor-button-icon\">\n\t\t\t\t\t\t\t<\/span>\n\t\t\t\t\t\t\t\t\t<span class=\"elementor-button-text\">Kontaktieren Sie uns f\u00fcr Informationen<\/span>\n\t\t\t\t\t<\/span>\n\t\t\t\t\t<\/a>\n\t\t\t\t<\/div>\n\t\t\t\t\t\t\t\t<\/div>\n\t\t\t\t<\/div>\n\t\t\t\t\t<\/div>\n\t\t<\/div>\n\t\t\t\t\t<\/div>\n\t\t<\/section>\n\t\t\t\t<\/div>\n\t\t","protected":false},"excerpt":{"rendered":"<p>Professionelle Luftentfeuchter Unser Lieferant ist die Firma BIEMMEDUE, ein weltweit f\u00fchrendes Unternehmen in der Entwicklung von Hei\u00dflufterzeugern, industriellen Reinigungsmaschinen und professionellen Luftentfeuchtern. Ideal f\u00fcr: Industrie Automotive Werkstatt arrow-icon-size3 Kontaktieren Sie uns f\u00fcr Informationen DR 100DR 50DR 70 Previous Next DR f\u00fcr die Feuchtigkeitskontrolle in Innenr\u00e4umen Die Luftentfeuchter von BIEMMEDUE sind in sich geschlossene Ger\u00e4te, die [&hellip;]<\/p>\n","protected":false},"author":1,"featured_media":0,"parent":0,"menu_order":0,"comment_status":"closed","ping_status":"closed","template":"elementor_header_footer","meta":{"footnotes":""},"class_list":["post-5510","page","type-page","status-publish","hentry"],"yoast_head":"<!-- This site is optimized with the Yoast SEO plugin v27.5 - https:\/\/yoast.com\/product\/yoast-seo-wordpress\/ -->\n<title>Luftentfeuchter - Egger<\/title>\n<meta name=\"robots\" content=\"index, follow, max-snippet:-1, max-image-preview:large, max-video-preview:-1\" \/>\n<link rel=\"canonical\" href=\"https:\/\/www.egger-oskar.it\/de\/luftentfeuchter\/\" \/>\n<meta property=\"og:locale\" content=\"de_DE\" \/>\n<meta property=\"og:type\" content=\"article\" \/>\n<meta property=\"og:title\" content=\"Luftentfeuchter - Egger\" \/>\n<meta property=\"og:description\" content=\"Professionelle Luftentfeuchter Unser Lieferant ist die Firma BIEMMEDUE, ein weltweit f\u00fchrendes Unternehmen in der Entwicklung von Hei\u00dflufterzeugern, industriellen Reinigungsmaschinen und professionellen Luftentfeuchtern. Ideal f\u00fcr: Industrie Automotive Werkstatt arrow-icon-size3 Kontaktieren Sie uns f\u00fcr Informationen DR 100DR 50DR 70 Previous Next DR f\u00fcr die Feuchtigkeitskontrolle in Innenr\u00e4umen Die Luftentfeuchter von BIEMMEDUE sind in sich geschlossene Ger\u00e4te, die [&hellip;]\" \/>\n<meta property=\"og:url\" content=\"https:\/\/www.egger-oskar.it\/de\/luftentfeuchter\/\" \/>\n<meta property=\"og:site_name\" content=\"Egger\" \/>\n<meta property=\"article:modified_time\" content=\"2023-03-14T12:56:20+00:00\" \/>\n<meta property=\"og:image\" content=\"https:\/\/egger-oskar.it\/wp-content\/uploads\/2023\/01\/Senzatitolo-11-1024x427.jpg\" \/>\n<meta name=\"twitter:card\" content=\"summary_large_image\" \/>\n<meta name=\"twitter:label1\" content=\"Est. reading time\" \/>\n\t<meta name=\"twitter:data1\" content=\"1 minute\" \/>\n<script type=\"application\/ld+json\" class=\"yoast-schema-graph\">{\"@context\":\"https:\\\/\\\/schema.org\",\"@graph\":[{\"@type\":\"WebPage\",\"@id\":\"https:\\\/\\\/www.egger-oskar.it\\\/de\\\/luftentfeuchter\\\/\",\"url\":\"https:\\\/\\\/www.egger-oskar.it\\\/de\\\/luftentfeuchter\\\/\",\"name\":\"Luftentfeuchter - Egger\",\"isPartOf\":{\"@id\":\"https:\\\/\\\/www.egger-oskar.it\\\/de\\\/#website\"},\"primaryImageOfPage\":{\"@id\":\"https:\\\/\\\/www.egger-oskar.it\\\/de\\\/luftentfeuchter\\\/#primaryimage\"},\"image\":{\"@id\":\"https:\\\/\\\/www.egger-oskar.it\\\/de\\\/luftentfeuchter\\\/#primaryimage\"},\"thumbnailUrl\":\"https:\\\/\\\/egger-oskar.it\\\/wp-content\\\/uploads\\\/2023\\\/01\\\/Senzatitolo-11-1024x427.jpg\",\"datePublished\":\"2023-01-30T09:48:52+00:00\",\"dateModified\":\"2023-03-14T12:56:20+00:00\",\"breadcrumb\":{\"@id\":\"https:\\\/\\\/www.egger-oskar.it\\\/de\\\/luftentfeuchter\\\/#breadcrumb\"},\"inLanguage\":\"de-DE\",\"potentialAction\":[{\"@type\":\"ReadAction\",\"target\":[\"https:\\\/\\\/www.egger-oskar.it\\\/de\\\/luftentfeuchter\\\/\"]}]},{\"@type\":\"ImageObject\",\"inLanguage\":\"de-DE\",\"@id\":\"https:\\\/\\\/www.egger-oskar.it\\\/de\\\/luftentfeuchter\\\/#primaryimage\",\"url\":\"https:\\\/\\\/egger-oskar.it\\\/wp-content\\\/uploads\\\/2023\\\/01\\\/Senzatitolo-11-1024x427.jpg\",\"contentUrl\":\"https:\\\/\\\/egger-oskar.it\\\/wp-content\\\/uploads\\\/2023\\\/01\\\/Senzatitolo-11-1024x427.jpg\"},{\"@type\":\"BreadcrumbList\",\"@id\":\"https:\\\/\\\/www.egger-oskar.it\\\/de\\\/luftentfeuchter\\\/#breadcrumb\",\"itemListElement\":[{\"@type\":\"ListItem\",\"position\":1,\"name\":\"Home\",\"item\":\"https:\\\/\\\/www.egger-oskar.it\\\/de\\\/\"},{\"@type\":\"ListItem\",\"position\":2,\"name\":\"Luftentfeuchter\"}]},{\"@type\":\"WebSite\",\"@id\":\"https:\\\/\\\/www.egger-oskar.it\\\/de\\\/#website\",\"url\":\"https:\\\/\\\/www.egger-oskar.it\\\/de\\\/\",\"name\":\"Egger\",\"description\":\"Idropulitrici Merano\",\"publisher\":{\"@id\":\"https:\\\/\\\/www.egger-oskar.it\\\/de\\\/#organization\"},\"potentialAction\":[{\"@type\":\"SearchAction\",\"target\":{\"@type\":\"EntryPoint\",\"urlTemplate\":\"https:\\\/\\\/www.egger-oskar.it\\\/de\\\/?s={search_term_string}\"},\"query-input\":{\"@type\":\"PropertyValueSpecification\",\"valueRequired\":true,\"valueName\":\"search_term_string\"}}],\"inLanguage\":\"de-DE\"},{\"@type\":\"Organization\",\"@id\":\"https:\\\/\\\/www.egger-oskar.it\\\/de\\\/#organization\",\"name\":\"Egger\",\"url\":\"https:\\\/\\\/www.egger-oskar.it\\\/de\\\/\",\"logo\":{\"@type\":\"ImageObject\",\"inLanguage\":\"de-DE\",\"@id\":\"https:\\\/\\\/www.egger-oskar.it\\\/de\\\/#\\\/schema\\\/logo\\\/image\\\/\",\"url\":\"https:\\\/\\\/www.egger-oskar.it\\\/wp-content\\\/uploads\\\/2022\\\/05\\\/egger.png\",\"contentUrl\":\"https:\\\/\\\/www.egger-oskar.it\\\/wp-content\\\/uploads\\\/2022\\\/05\\\/egger.png\",\"width\":250,\"height\":65,\"caption\":\"Egger\"},\"image\":{\"@id\":\"https:\\\/\\\/www.egger-oskar.it\\\/de\\\/#\\\/schema\\\/logo\\\/image\\\/\"}}]}<\/script>\n<!-- \/ Yoast SEO plugin. -->","yoast_head_json":{"title":"Luftentfeuchter - Egger","robots":{"index":"index","follow":"follow","max-snippet":"max-snippet:-1","max-image-preview":"max-image-preview:large","max-video-preview":"max-video-preview:-1"},"canonical":"https:\/\/www.egger-oskar.it\/de\/luftentfeuchter\/","og_locale":"de_DE","og_type":"article","og_title":"Luftentfeuchter - Egger","og_description":"Professionelle Luftentfeuchter Unser Lieferant ist die Firma BIEMMEDUE, ein weltweit f\u00fchrendes Unternehmen in der Entwicklung von Hei\u00dflufterzeugern, industriellen Reinigungsmaschinen und professionellen Luftentfeuchtern. Ideal f\u00fcr: Industrie Automotive Werkstatt arrow-icon-size3 Kontaktieren Sie uns f\u00fcr Informationen DR 100DR 50DR 70 Previous Next DR f\u00fcr die Feuchtigkeitskontrolle in Innenr\u00e4umen Die Luftentfeuchter von BIEMMEDUE sind in sich geschlossene Ger\u00e4te, die [&hellip;]","og_url":"https:\/\/www.egger-oskar.it\/de\/luftentfeuchter\/","og_site_name":"Egger","article_modified_time":"2023-03-14T12:56:20+00:00","og_image":[{"url":"https:\/\/egger-oskar.it\/wp-content\/uploads\/2023\/01\/Senzatitolo-11-1024x427.jpg","type":"","width":"","height":""}],"twitter_card":"summary_large_image","twitter_misc":{"Est. reading time":"1 minute"},"schema":{"@context":"https:\/\/schema.org","@graph":[{"@type":"WebPage","@id":"https:\/\/www.egger-oskar.it\/de\/luftentfeuchter\/","url":"https:\/\/www.egger-oskar.it\/de\/luftentfeuchter\/","name":"Luftentfeuchter - Egger","isPartOf":{"@id":"https:\/\/www.egger-oskar.it\/de\/#website"},"primaryImageOfPage":{"@id":"https:\/\/www.egger-oskar.it\/de\/luftentfeuchter\/#primaryimage"},"image":{"@id":"https:\/\/www.egger-oskar.it\/de\/luftentfeuchter\/#primaryimage"},"thumbnailUrl":"https:\/\/egger-oskar.it\/wp-content\/uploads\/2023\/01\/Senzatitolo-11-1024x427.jpg","datePublished":"2023-01-30T09:48:52+00:00","dateModified":"2023-03-14T12:56:20+00:00","breadcrumb":{"@id":"https:\/\/www.egger-oskar.it\/de\/luftentfeuchter\/#breadcrumb"},"inLanguage":"de-DE","potentialAction":[{"@type":"ReadAction","target":["https:\/\/www.egger-oskar.it\/de\/luftentfeuchter\/"]}]},{"@type":"ImageObject","inLanguage":"de-DE","@id":"https:\/\/www.egger-oskar.it\/de\/luftentfeuchter\/#primaryimage","url":"https:\/\/egger-oskar.it\/wp-content\/uploads\/2023\/01\/Senzatitolo-11-1024x427.jpg","contentUrl":"https:\/\/egger-oskar.it\/wp-content\/uploads\/2023\/01\/Senzatitolo-11-1024x427.jpg"},{"@type":"BreadcrumbList","@id":"https:\/\/www.egger-oskar.it\/de\/luftentfeuchter\/#breadcrumb","itemListElement":[{"@type":"ListItem","position":1,"name":"Home","item":"https:\/\/www.egger-oskar.it\/de\/"},{"@type":"ListItem","position":2,"name":"Luftentfeuchter"}]},{"@type":"WebSite","@id":"https:\/\/www.egger-oskar.it\/de\/#website","url":"https:\/\/www.egger-oskar.it\/de\/","name":"Egger","description":"Idropulitrici Merano","publisher":{"@id":"https:\/\/www.egger-oskar.it\/de\/#organization"},"potentialAction":[{"@type":"SearchAction","target":{"@type":"EntryPoint","urlTemplate":"https:\/\/www.egger-oskar.it\/de\/?s={search_term_string}"},"query-input":{"@type":"PropertyValueSpecification","valueRequired":true,"valueName":"search_term_string"}}],"inLanguage":"de-DE"},{"@type":"Organization","@id":"https:\/\/www.egger-oskar.it\/de\/#organization","name":"Egger","url":"https:\/\/www.egger-oskar.it\/de\/","logo":{"@type":"ImageObject","inLanguage":"de-DE","@id":"https:\/\/www.egger-oskar.it\/de\/#\/schema\/logo\/image\/","url":"https:\/\/www.egger-oskar.it\/wp-content\/uploads\/2022\/05\/egger.png","contentUrl":"https:\/\/www.egger-oskar.it\/wp-content\/uploads\/2022\/05\/egger.png","width":250,"height":65,"caption":"Egger"},"image":{"@id":"https:\/\/www.egger-oskar.it\/de\/#\/schema\/logo\/image\/"}}]}},"_links":{"self":[{"href":"https:\/\/www.egger-oskar.it\/de\/wp-json\/wp\/v2\/pages\/5510","targetHints":{"allow":["GET"]}}],"collection":[{"href":"https:\/\/www.egger-oskar.it\/de\/wp-json\/wp\/v2\/pages"}],"about":[{"href":"https:\/\/www.egger-oskar.it\/de\/wp-json\/wp\/v2\/types\/page"}],"author":[{"embeddable":true,"href":"https:\/\/www.egger-oskar.it\/de\/wp-json\/wp\/v2\/users\/1"}],"replies":[{"embeddable":true,"href":"https:\/\/www.egger-oskar.it\/de\/wp-json\/wp\/v2\/comments?post=5510"}],"version-history":[{"count":0,"href":"https:\/\/www.egger-oskar.it\/de\/wp-json\/wp\/v2\/pages\/5510\/revisions"}],"wp:attachment":[{"href":"https:\/\/www.egger-oskar.it\/de\/wp-json\/wp\/v2\/media?parent=5510"}],"curies":[{"name":"wp","href":"https:\/\/api.w.org\/{rel}","templated":true}]}}