{"id":5516,"date":"2023-01-31T10:18:08","date_gmt":"2023-01-31T10:18:08","guid":{"rendered":"http:\/\/egger-oskar.it\/einscheibenmaschinen-2\/"},"modified":"2023-02-15T14:53:57","modified_gmt":"2023-02-15T14:53:57","slug":"einscheibenmaschinen-2","status":"publish","type":"page","link":"https:\/\/www.egger-oskar.it\/de\/einscheibenmaschinen-2\/","title":{"rendered":"EINSCHEIBENMASCHINEN"},"content":{"rendered":"\t\t<div data-elementor-type=\"wp-page\" data-elementor-id=\"5516\" class=\"elementor elementor-5516 elementor-5279\" data-elementor-post-type=\"page\">\n\t\t\t\t\t\t<section class=\"elementor-section elementor-top-section elementor-element elementor-element-476b56bf elementor-section-full_width elementor-section-height-min-height elementor-section-items-stretch elementor-section-content-middle elementor-section-height-default\" data-id=\"476b56bf\" data-element_type=\"section\" data-e-type=\"section\">\n\t\t\t\t\t\t<div class=\"elementor-container elementor-column-gap-default\">\n\t\t\t\t\t<div class=\"elementor-column elementor-col-50 elementor-top-column elementor-element elementor-element-74c9f97c\" data-id=\"74c9f97c\" data-element_type=\"column\" data-e-type=\"column\" data-settings=\"{&quot;background_background&quot;:&quot;classic&quot;}\">\n\t\t\t<div class=\"elementor-widget-wrap elementor-element-populated\">\n\t\t\t\t\t\t<div class=\"elementor-element elementor-element-4fca944e elementor-hidden-tablet elementor-hidden-mobile elementor-widget elementor-widget-spacer\" data-id=\"4fca944e\" data-element_type=\"widget\" data-e-type=\"widget\" data-widget_type=\"spacer.default\">\n\t\t\t\t<div class=\"elementor-widget-container\">\n\t\t\t\t\t\t\t<div class=\"elementor-spacer\">\n\t\t\t<div class=\"elementor-spacer-inner\"><\/div>\n\t\t<\/div>\n\t\t\t\t\t\t<\/div>\n\t\t\t\t<\/div>\n\t\t\t\t<div class=\"elementor-element elementor-element-5538f595 elementor-widget elementor-widget-text-editor\" data-id=\"5538f595\" data-element_type=\"widget\" data-e-type=\"widget\" data-widget_type=\"text-editor.default\">\n\t\t\t\t<div class=\"elementor-widget-container\">\n\t\t\t\t\t\t\t\t\t<p>Vielseitig, robust, effizient, die Einscheibenmaschinen von Wirbel erm\u00f6glichen Ihnen verschiedene Arbeiten wie waschen, reinigen, strippen, polieren oder kristallisieren. Sie erlauben Ihnen, an allen Materialien zu arbeiten: Textilbodenbelag, Terrakottaboden, Stein, Steinzeug, Klinker, Marmor.<\/p>\n\t\t\t\t\t\t\t\t<\/div>\n\t\t\t\t<\/div>\n\t\t\t\t<div class=\"elementor-element elementor-element-75d86de3 elementor-widget elementor-widget-heading\" data-id=\"75d86de3\" data-element_type=\"widget\" data-e-type=\"widget\" data-widget_type=\"heading.default\">\n\t\t\t\t<div class=\"elementor-widget-container\">\n\t\t\t\t\t<h2 class=\"elementor-heading-title elementor-size-default\">Ideal f\u00fcr:<\/h2>\t\t\t\t<\/div>\n\t\t\t\t<\/div>\n\t\t\t\t<div class=\"elementor-element elementor-element-18425318 elementor-icon-list--layout-inline elementor-align-start elementor-list-item-link-full_width elementor-widget elementor-widget-icon-list\" data-id=\"18425318\" data-element_type=\"widget\" data-e-type=\"widget\" data-widget_type=\"icon-list.default\">\n\t\t\t\t<div class=\"elementor-widget-container\">\n\t\t\t\t\t\t\t<ul class=\"elementor-icon-list-items elementor-inline-items\">\n\t\t\t\t\t\t\t<li class=\"elementor-icon-list-item elementor-inline-item\">\n\t\t\t\t\t\t\t\t\t\t<span class=\"elementor-icon-list-text\">Industrie<\/span>\n\t\t\t\t\t\t\t\t\t<\/li>\n\t\t\t\t\t\t\t\t<li class=\"elementor-icon-list-item elementor-inline-item\">\n\t\t\t\t\t\t\t\t\t\t<span class=\"elementor-icon-list-text\">Retail<\/span>\n\t\t\t\t\t\t\t\t\t<\/li>\n\t\t\t\t\t\t\t\t<li class=\"elementor-icon-list-item elementor-inline-item\">\n\t\t\t\t\t\t\t\t\t\t<span class=\"elementor-icon-list-text\">Horeca<\/span>\n\t\t\t\t\t\t\t\t\t<\/li>\n\t\t\t\t\t\t\t\t<li class=\"elementor-icon-list-item elementor-inline-item\">\n\t\t\t\t\t\t\t\t\t\t<span class=\"elementor-icon-list-text\">Schule und Gesundheitswesen<\/span>\n\t\t\t\t\t\t\t\t\t<\/li>\n\t\t\t\t\t\t\t\t<li class=\"elementor-icon-list-item elementor-inline-item\">\n\t\t\t\t\t\t\t\t\t\t<span class=\"elementor-icon-list-text\">Logistik und Transport<\/span>\n\t\t\t\t\t\t\t\t\t<\/li>\n\t\t\t\t\t\t\t\t<li class=\"elementor-icon-list-item elementor-inline-item\">\n\t\t\t\t\t\t\t\t\t\t<span class=\"elementor-icon-list-text\">Automotive<\/span>\n\t\t\t\t\t\t\t\t\t<\/li>\n\t\t\t\t\t\t\t\t<li class=\"elementor-icon-list-item elementor-inline-item\">\n\t\t\t\t\t\t\t\t\t\t<span class=\"elementor-icon-list-text\">B\u00fcro<\/span>\n\t\t\t\t\t\t\t\t\t<\/li>\n\t\t\t\t\t\t<\/ul>\n\t\t\t\t\t\t<\/div>\n\t\t\t\t<\/div>\n\t\t\t\t<div class=\"elementor-element elementor-element-67043d62 elementor-align-left elementor-widget elementor-widget-button\" data-id=\"67043d62\" data-element_type=\"widget\" data-e-type=\"widget\" data-widget_type=\"button.default\">\n\t\t\t\t<div class=\"elementor-widget-container\">\n\t\t\t\t\t\t\t\t\t<div class=\"elementor-button-wrapper\">\n\t\t\t\t\t<a class=\"elementor-button elementor-button-link elementor-size-sm elementor-animation-float\" href=\"#form\">\n\t\t\t\t\t\t<span class=\"elementor-button-content-wrapper\">\n\t\t\t\t\t\t<span class=\"elementor-button-icon\">\n\t\t\t\t\t\t\t<\/span>\n\t\t\t\t\t\t\t\t\t<span class=\"elementor-button-text\">Kontaktieren Sie uns f\u00fcr Informationen<\/span>\n\t\t\t\t\t<\/span>\n\t\t\t\t\t<\/a>\n\t\t\t\t<\/div>\n\t\t\t\t\t\t\t\t<\/div>\n\t\t\t\t<\/div>\n\t\t\t\t\t<\/div>\n\t\t<\/div>\n\t\t\t\t<div class=\"elementor-column elementor-col-50 elementor-top-column elementor-element elementor-element-6920c7b6 elementor-hidden-tablet elementor-hidden-mobile\" data-id=\"6920c7b6\" data-element_type=\"column\" data-e-type=\"column\" data-settings=\"{&quot;background_background&quot;:&quot;classic&quot;}\">\n\t\t\t<div class=\"elementor-widget-wrap elementor-element-populated\">\n\t\t\t\t\t\t<div class=\"elementor-element elementor-element-6a009f34 elementor-widget elementor-widget-spacer\" data-id=\"6a009f34\" data-element_type=\"widget\" data-e-type=\"widget\" data-widget_type=\"spacer.default\">\n\t\t\t\t<div class=\"elementor-widget-container\">\n\t\t\t\t\t\t\t<div class=\"elementor-spacer\">\n\t\t\t<div class=\"elementor-spacer-inner\"><\/div>\n\t\t<\/div>\n\t\t\t\t\t\t<\/div>\n\t\t\t\t<\/div>\n\t\t\t\t<div class=\"elementor-element elementor-element-74170f99 elementor-widget elementor-widget-image\" data-id=\"74170f99\" data-element_type=\"widget\" data-e-type=\"widget\" data-widget_type=\"image.default\">\n\t\t\t\t<div class=\"elementor-widget-container\">\n\t\t\t\t\t\t\t\t\t\t\t\t\t\t\t<img fetchpriority=\"high\" decoding=\"async\" width=\"800\" height=\"800\" src=\"data:image\/gif;base64,R0lGODlhAQABAIAAAAAAAP\/\/\/yH5BAEAAAAALAAAAAABAAEAAAIBRAA7\" data-src=\"https:\/\/www.egger-oskar.it\/wp-content\/uploads\/2023\/01\/wirbel-lucidatrice-1.jpg\" class=\"attachment-large size-large wp-image-5304 lazyload\" alt=\"\" data-srcset=\"https:\/\/www.egger-oskar.it\/wp-content\/uploads\/2023\/01\/wirbel-lucidatrice-1.jpg 1000w, https:\/\/www.egger-oskar.it\/wp-content\/uploads\/2023\/01\/wirbel-lucidatrice-1-300x300.jpg 300w, https:\/\/www.egger-oskar.it\/wp-content\/uploads\/2023\/01\/wirbel-lucidatrice-1-150x150.jpg 150w, https:\/\/www.egger-oskar.it\/wp-content\/uploads\/2023\/01\/wirbel-lucidatrice-1-768x768.jpg 768w\" sizes=\"(max-width: 800px) 100vw, 800px\" \/><noscript><img decoding=\"async\" width=\"800\" height=\"800\" src=\"https:\/\/www.egger-oskar.it\/wp-content\/uploads\/2023\/01\/wirbel-lucidatrice-1.jpg\" class=\"attachment-large size-large wp-image-5304 lazyload\" alt=\"\" srcset=\"https:\/\/www.egger-oskar.it\/wp-content\/uploads\/2023\/01\/wirbel-lucidatrice-1.jpg 1000w, https:\/\/www.egger-oskar.it\/wp-content\/uploads\/2023\/01\/wirbel-lucidatrice-1-300x300.jpg 300w, https:\/\/www.egger-oskar.it\/wp-content\/uploads\/2023\/01\/wirbel-lucidatrice-1-150x150.jpg 150w, https:\/\/www.egger-oskar.it\/wp-content\/uploads\/2023\/01\/wirbel-lucidatrice-1-768x768.jpg 768w\" sizes=\"(max-width: 800px) 100vw, 800px\" \/><\/noscript>\t\t\t\t\t\t\t\t\t\t\t\t\t\t\t<\/div>\n\t\t\t\t<\/div>\n\t\t\t\t\t<\/div>\n\t\t<\/div>\n\t\t\t\t\t<\/div>\n\t\t<\/section>\n\t\t\t\t<section class=\"elementor-section elementor-top-section elementor-element elementor-element-47c432e elementor-section-boxed elementor-section-height-default elementor-section-height-default\" data-id=\"47c432e\" data-element_type=\"section\" data-e-type=\"section\">\n\t\t\t\t\t\t<div class=\"elementor-container elementor-column-gap-default\">\n\t\t\t\t\t<div class=\"elementor-column elementor-col-100 elementor-top-column elementor-element elementor-element-3d3dfe0f\" data-id=\"3d3dfe0f\" data-element_type=\"column\" data-e-type=\"column\">\n\t\t\t<div class=\"elementor-widget-wrap elementor-element-populated\">\n\t\t\t\t\t\t<div class=\"elementor-element elementor-element-168f800e elementor-align-center elementor-widget elementor-widget-breadcrumbs\" data-id=\"168f800e\" data-element_type=\"widget\" data-e-type=\"widget\" data-widget_type=\"breadcrumbs.default\">\n\t\t\t\t<div class=\"elementor-widget-container\">\n\t\t\t\t\t<p id=\"breadcrumbs\"><span><span><a href=\"https:\/\/www.egger-oskar.it\/de\/\">Home<\/a><\/span><\/span><\/p>\t\t\t\t<\/div>\n\t\t\t\t<\/div>\n\t\t\t\t\t<\/div>\n\t\t<\/div>\n\t\t\t\t\t<\/div>\n\t\t<\/section>\n\t\t\t\t<section class=\"elementor-section elementor-top-section elementor-element elementor-element-167f8746 elementor-section-full_width elementor-section-height-min-height elementor-section-items-stretch elementor-reverse-mobile elementor-section-height-default\" data-id=\"167f8746\" data-element_type=\"section\" data-e-type=\"section\" id=\"lavasciuga-uomo-a-terra\">\n\t\t\t\t\t\t<div class=\"elementor-container elementor-column-gap-default\">\n\t\t\t\t\t<div class=\"elementor-column elementor-col-50 elementor-top-column elementor-element elementor-element-7d114ed2\" data-id=\"7d114ed2\" data-element_type=\"column\" data-e-type=\"column\" data-settings=\"{&quot;background_background&quot;:&quot;classic&quot;}\">\n\t\t\t<div class=\"elementor-widget-wrap elementor-element-populated\">\n\t\t\t\t\t\t<div class=\"elementor-element elementor-element-233c4442 elementor--h-position-right elementor--v-position-top elementor-arrows-position-inside elementor-widget elementor-widget-slides\" data-id=\"233c4442\" data-element_type=\"widget\" data-e-type=\"widget\" data-settings=\"{&quot;navigation&quot;:&quot;arrows&quot;,&quot;autoplay&quot;:&quot;yes&quot;,&quot;pause_on_hover&quot;:&quot;yes&quot;,&quot;pause_on_interaction&quot;:&quot;yes&quot;,&quot;autoplay_speed&quot;:5000,&quot;infinite&quot;:&quot;yes&quot;,&quot;transition&quot;:&quot;slide&quot;,&quot;transition_speed&quot;:500}\" data-widget_type=\"slides.default\">\n\t\t\t\t<div class=\"elementor-widget-container\">\n\t\t\t\t\t\t\t\t\t<div class=\"elementor-swiper\">\n\t\t\t\t\t<div class=\"elementor-slides-wrapper elementor-main-swiper swiper\" role=\"region\" aria-roledescription=\"carousel\" aria-label=\"Slides\" dir=\"ltr\" data-animation=\"fadeInUp\">\n\t\t\t\t<div class=\"swiper-wrapper elementor-slides\">\n\t\t\t\t\t\t\t\t\t\t<div class=\"elementor-repeater-item-91e7a7a swiper-slide\" role=\"group\" aria-roledescription=\"slide\"><div class=\"swiper-slide-bg\" role=\"img\" aria-label=\"wirbel-lucidatrice-2\"><\/div><div class=\"swiper-slide-inner\" ><div class=\"swiper-slide-contents\"><div class=\"elementor-slide-heading\">ERGOLINE 17\"<\/div><\/div><\/div><\/div><div class=\"elementor-repeater-item-86fcc4a swiper-slide\" role=\"group\" aria-roledescription=\"slide\"><div class=\"swiper-slide-bg\" role=\"img\" aria-label=\"wirbel-lucidatrice-3\"><\/div><div class=\"swiper-slide-inner\" ><div class=\"swiper-slide-contents\"><div class=\"elementor-slide-heading\">ORIGINAL LINE 17\"<\/div><\/div><\/div><\/div><div class=\"elementor-repeater-item-75e35ed swiper-slide\" role=\"group\" aria-roledescription=\"slide\"><div class=\"swiper-slide-bg\" role=\"img\" aria-label=\"wirbel-lucidatrice-4\"><\/div><div class=\"swiper-slide-inner\" ><div class=\"swiper-slide-contents\"><div class=\"elementor-slide-heading\">LUCIDATRICI ALTA VELOCIT\u00c0 20\"<\/div><\/div><\/div><\/div>\t\t\t\t<\/div>\n\t\t\t\t\t\t\t\t\t\t\t\t\t\t\t<div class=\"elementor-swiper-button elementor-swiper-button-prev\" role=\"button\" tabindex=\"0\" aria-label=\"Previous slide\">\n\t\t\t\t\t\t\t<i aria-hidden=\"true\" class=\"eicon-chevron-left\"><\/i>\t\t\t\t\t\t<\/div>\n\t\t\t\t\t\t<div class=\"elementor-swiper-button elementor-swiper-button-next\" role=\"button\" tabindex=\"0\" aria-label=\"Next slide\">\n\t\t\t\t\t\t\t<i aria-hidden=\"true\" class=\"eicon-chevron-right\"><\/i>\t\t\t\t\t\t<\/div>\n\t\t\t\t\t\t\t\t\t\t\t\t\t\t\t\t\t<\/div>\n\t\t\t\t<\/div>\n\t\t\t\t\t\t\t\t<\/div>\n\t\t\t\t<\/div>\n\t\t\t\t\t<\/div>\n\t\t<\/div>\n\t\t\t\t<div class=\"elementor-column elementor-col-50 elementor-top-column elementor-element elementor-element-660102cc\" data-id=\"660102cc\" data-element_type=\"column\" data-e-type=\"column\" data-settings=\"{&quot;background_background&quot;:&quot;classic&quot;}\">\n\t\t\t<div class=\"elementor-widget-wrap elementor-element-populated\">\n\t\t\t\t\t\t<div class=\"elementor-element elementor-element-343e85a5 elementor-widget elementor-widget-heading\" data-id=\"343e85a5\" data-element_type=\"widget\" data-e-type=\"widget\" data-widget_type=\"heading.default\">\n\t\t\t\t<div class=\"elementor-widget-container\">\n\t\t\t\t\t<h2 class=\"elementor-heading-title elementor-size-default\">Produktlinien<\/h2>\t\t\t\t<\/div>\n\t\t\t\t<\/div>\n\t\t\t\t<div class=\"elementor-element elementor-element-3808b2d2 elementor-widget elementor-widget-text-editor\" data-id=\"3808b2d2\" data-element_type=\"widget\" data-e-type=\"widget\" data-widget_type=\"text-editor.default\">\n\t\t\t\t<div class=\"elementor-widget-container\">\n\t\t\t\t\t\t\t\t\t<p>Einscheibenmaschinen Wirbel, vielseitig, robust und effizient, k\u00f6nnen zum Waschen, f\u00fcr eine gr\u00fcndliche Reinigung, zur Wachsentfernung, zum Polieren oder zur Kristallisation verwendet werden. Gestatten die Behandlung s\u00e4mtlicher Materialien: Moquette, Cotto, Stein, Feinsteinzeug, Klinker, Marmor; sie honen Parkett und nivellieren Zement. Universalmaschinen, einfach und zuverl\u00e4ssig, die praktisch, wirtschaftlich und rasch optimale Ergebnisse erreichen lassen.<\/p>\n\t\t\t\t\t\t\t\t<\/div>\n\t\t\t\t<\/div>\n\t\t\t\t<div class=\"elementor-element elementor-element-10562c8 elementor-align-left elementor-widget elementor-widget-button\" data-id=\"10562c8\" data-element_type=\"widget\" data-e-type=\"widget\" data-widget_type=\"button.default\">\n\t\t\t\t<div class=\"elementor-widget-container\">\n\t\t\t\t\t\t\t\t\t<div class=\"elementor-button-wrapper\">\n\t\t\t\t\t<a class=\"elementor-button elementor-button-link elementor-size-sm elementor-animation-float\" href=\"#form\">\n\t\t\t\t\t\t<span class=\"elementor-button-content-wrapper\">\n\t\t\t\t\t\t<span class=\"elementor-button-icon\">\n\t\t\t\t\t\t\t<\/span>\n\t\t\t\t\t\t\t\t\t<span class=\"elementor-button-text\">Kontaktieren Sie uns f\u00fcr Informationen<\/span>\n\t\t\t\t\t<\/span>\n\t\t\t\t\t<\/a>\n\t\t\t\t<\/div>\n\t\t\t\t\t\t\t\t<\/div>\n\t\t\t\t<\/div>\n\t\t\t\t\t<\/div>\n\t\t<\/div>\n\t\t\t\t\t<\/div>\n\t\t<\/section>\n\t\t\t\t<\/div>\n\t\t","protected":false},"excerpt":{"rendered":"<p>Vielseitig, robust, effizient, die Einscheibenmaschinen von Wirbel erm\u00f6glichen Ihnen verschiedene Arbeiten wie waschen, reinigen, strippen, polieren oder kristallisieren. Sie erlauben Ihnen, an allen Materialien zu arbeiten: Textilbodenbelag, Terrakottaboden, Stein, Steinzeug, Klinker, Marmor. Ideal f\u00fcr: Industrie Retail Horeca Schule und Gesundheitswesen Logistik und Transport Automotive B\u00fcro arrow-icon-size3 Kontaktieren Sie uns f\u00fcr Informationen ERGOLINE 17&#8243;ORIGINAL LINE 17&#8243;LUCIDATRICI [&hellip;]<\/p>\n","protected":false},"author":1,"featured_media":0,"parent":0,"menu_order":0,"comment_status":"closed","ping_status":"closed","template":"elementor_header_footer","meta":{"footnotes":""},"class_list":["post-5516","page","type-page","status-publish","hentry"],"yoast_head":"<!-- This site is optimized with the Yoast SEO plugin v27.5 - https:\/\/yoast.com\/product\/yoast-seo-wordpress\/ -->\n<title>EINSCHEIBENMASCHINEN - Egger<\/title>\n<meta name=\"robots\" content=\"index, follow, max-snippet:-1, max-image-preview:large, max-video-preview:-1\" \/>\n<link rel=\"canonical\" href=\"https:\/\/www.egger-oskar.it\/de\/einscheibenmaschinen-2\/\" \/>\n<meta property=\"og:locale\" content=\"de_DE\" \/>\n<meta property=\"og:type\" content=\"article\" \/>\n<meta property=\"og:title\" content=\"EINSCHEIBENMASCHINEN - Egger\" \/>\n<meta property=\"og:description\" content=\"Vielseitig, robust, effizient, die Einscheibenmaschinen von Wirbel erm\u00f6glichen Ihnen verschiedene Arbeiten wie waschen, reinigen, strippen, polieren oder kristallisieren. Sie erlauben Ihnen, an allen Materialien zu arbeiten: Textilbodenbelag, Terrakottaboden, Stein, Steinzeug, Klinker, Marmor. Ideal f\u00fcr: Industrie Retail Horeca Schule und Gesundheitswesen Logistik und Transport Automotive B\u00fcro arrow-icon-size3 Kontaktieren Sie uns f\u00fcr Informationen ERGOLINE 17&#8243;ORIGINAL LINE 17&#8243;LUCIDATRICI [&hellip;]\" \/>\n<meta property=\"og:url\" content=\"https:\/\/www.egger-oskar.it\/de\/einscheibenmaschinen-2\/\" \/>\n<meta property=\"og:site_name\" content=\"Egger\" \/>\n<meta property=\"article:modified_time\" content=\"2023-02-15T14:53:57+00:00\" \/>\n<meta property=\"og:image\" content=\"http:\/\/egger-oskar.it\/wp-content\/uploads\/2023\/01\/wirbel-lucidatrice-1.jpg\" \/>\n<meta name=\"twitter:card\" content=\"summary_large_image\" \/>\n<meta name=\"twitter:label1\" content=\"Est. reading time\" \/>\n\t<meta name=\"twitter:data1\" content=\"1 minute\" \/>\n<script type=\"application\/ld+json\" class=\"yoast-schema-graph\">{\"@context\":\"https:\\\/\\\/schema.org\",\"@graph\":[{\"@type\":\"WebPage\",\"@id\":\"https:\\\/\\\/www.egger-oskar.it\\\/de\\\/einscheibenmaschinen-2\\\/\",\"url\":\"https:\\\/\\\/www.egger-oskar.it\\\/de\\\/einscheibenmaschinen-2\\\/\",\"name\":\"EINSCHEIBENMASCHINEN - Egger\",\"isPartOf\":{\"@id\":\"https:\\\/\\\/www.egger-oskar.it\\\/de\\\/#website\"},\"primaryImageOfPage\":{\"@id\":\"https:\\\/\\\/www.egger-oskar.it\\\/de\\\/einscheibenmaschinen-2\\\/#primaryimage\"},\"image\":{\"@id\":\"https:\\\/\\\/www.egger-oskar.it\\\/de\\\/einscheibenmaschinen-2\\\/#primaryimage\"},\"thumbnailUrl\":\"http:\\\/\\\/egger-oskar.it\\\/wp-content\\\/uploads\\\/2023\\\/01\\\/wirbel-lucidatrice-1.jpg\",\"datePublished\":\"2023-01-31T10:18:08+00:00\",\"dateModified\":\"2023-02-15T14:53:57+00:00\",\"breadcrumb\":{\"@id\":\"https:\\\/\\\/www.egger-oskar.it\\\/de\\\/einscheibenmaschinen-2\\\/#breadcrumb\"},\"inLanguage\":\"de-DE\",\"potentialAction\":[{\"@type\":\"ReadAction\",\"target\":[\"https:\\\/\\\/www.egger-oskar.it\\\/de\\\/einscheibenmaschinen-2\\\/\"]}]},{\"@type\":\"ImageObject\",\"inLanguage\":\"de-DE\",\"@id\":\"https:\\\/\\\/www.egger-oskar.it\\\/de\\\/einscheibenmaschinen-2\\\/#primaryimage\",\"url\":\"http:\\\/\\\/egger-oskar.it\\\/wp-content\\\/uploads\\\/2023\\\/01\\\/wirbel-lucidatrice-1.jpg\",\"contentUrl\":\"http:\\\/\\\/egger-oskar.it\\\/wp-content\\\/uploads\\\/2023\\\/01\\\/wirbel-lucidatrice-1.jpg\"},{\"@type\":\"BreadcrumbList\",\"@id\":\"https:\\\/\\\/www.egger-oskar.it\\\/de\\\/einscheibenmaschinen-2\\\/#breadcrumb\",\"itemListElement\":[{\"@type\":\"ListItem\",\"position\":1,\"name\":\"Home\",\"item\":\"https:\\\/\\\/www.egger-oskar.it\\\/de\\\/\"},{\"@type\":\"ListItem\",\"position\":2,\"name\":\"EINSCHEIBENMASCHINEN\"}]},{\"@type\":\"WebSite\",\"@id\":\"https:\\\/\\\/www.egger-oskar.it\\\/de\\\/#website\",\"url\":\"https:\\\/\\\/www.egger-oskar.it\\\/de\\\/\",\"name\":\"Egger\",\"description\":\"Idropulitrici Merano\",\"publisher\":{\"@id\":\"https:\\\/\\\/www.egger-oskar.it\\\/de\\\/#organization\"},\"potentialAction\":[{\"@type\":\"SearchAction\",\"target\":{\"@type\":\"EntryPoint\",\"urlTemplate\":\"https:\\\/\\\/www.egger-oskar.it\\\/de\\\/?s={search_term_string}\"},\"query-input\":{\"@type\":\"PropertyValueSpecification\",\"valueRequired\":true,\"valueName\":\"search_term_string\"}}],\"inLanguage\":\"de-DE\"},{\"@type\":\"Organization\",\"@id\":\"https:\\\/\\\/www.egger-oskar.it\\\/de\\\/#organization\",\"name\":\"Egger\",\"url\":\"https:\\\/\\\/www.egger-oskar.it\\\/de\\\/\",\"logo\":{\"@type\":\"ImageObject\",\"inLanguage\":\"de-DE\",\"@id\":\"https:\\\/\\\/www.egger-oskar.it\\\/de\\\/#\\\/schema\\\/logo\\\/image\\\/\",\"url\":\"https:\\\/\\\/www.egger-oskar.it\\\/wp-content\\\/uploads\\\/2022\\\/05\\\/egger.png\",\"contentUrl\":\"https:\\\/\\\/www.egger-oskar.it\\\/wp-content\\\/uploads\\\/2022\\\/05\\\/egger.png\",\"width\":250,\"height\":65,\"caption\":\"Egger\"},\"image\":{\"@id\":\"https:\\\/\\\/www.egger-oskar.it\\\/de\\\/#\\\/schema\\\/logo\\\/image\\\/\"}}]}<\/script>\n<!-- \/ Yoast SEO plugin. -->","yoast_head_json":{"title":"EINSCHEIBENMASCHINEN - Egger","robots":{"index":"index","follow":"follow","max-snippet":"max-snippet:-1","max-image-preview":"max-image-preview:large","max-video-preview":"max-video-preview:-1"},"canonical":"https:\/\/www.egger-oskar.it\/de\/einscheibenmaschinen-2\/","og_locale":"de_DE","og_type":"article","og_title":"EINSCHEIBENMASCHINEN - Egger","og_description":"Vielseitig, robust, effizient, die Einscheibenmaschinen von Wirbel erm\u00f6glichen Ihnen verschiedene Arbeiten wie waschen, reinigen, strippen, polieren oder kristallisieren. Sie erlauben Ihnen, an allen Materialien zu arbeiten: Textilbodenbelag, Terrakottaboden, Stein, Steinzeug, Klinker, Marmor. Ideal f\u00fcr: Industrie Retail Horeca Schule und Gesundheitswesen Logistik und Transport Automotive B\u00fcro arrow-icon-size3 Kontaktieren Sie uns f\u00fcr Informationen ERGOLINE 17&#8243;ORIGINAL LINE 17&#8243;LUCIDATRICI [&hellip;]","og_url":"https:\/\/www.egger-oskar.it\/de\/einscheibenmaschinen-2\/","og_site_name":"Egger","article_modified_time":"2023-02-15T14:53:57+00:00","og_image":[{"url":"http:\/\/egger-oskar.it\/wp-content\/uploads\/2023\/01\/wirbel-lucidatrice-1.jpg","type":"","width":"","height":""}],"twitter_card":"summary_large_image","twitter_misc":{"Est. reading time":"1 minute"},"schema":{"@context":"https:\/\/schema.org","@graph":[{"@type":"WebPage","@id":"https:\/\/www.egger-oskar.it\/de\/einscheibenmaschinen-2\/","url":"https:\/\/www.egger-oskar.it\/de\/einscheibenmaschinen-2\/","name":"EINSCHEIBENMASCHINEN - Egger","isPartOf":{"@id":"https:\/\/www.egger-oskar.it\/de\/#website"},"primaryImageOfPage":{"@id":"https:\/\/www.egger-oskar.it\/de\/einscheibenmaschinen-2\/#primaryimage"},"image":{"@id":"https:\/\/www.egger-oskar.it\/de\/einscheibenmaschinen-2\/#primaryimage"},"thumbnailUrl":"http:\/\/egger-oskar.it\/wp-content\/uploads\/2023\/01\/wirbel-lucidatrice-1.jpg","datePublished":"2023-01-31T10:18:08+00:00","dateModified":"2023-02-15T14:53:57+00:00","breadcrumb":{"@id":"https:\/\/www.egger-oskar.it\/de\/einscheibenmaschinen-2\/#breadcrumb"},"inLanguage":"de-DE","potentialAction":[{"@type":"ReadAction","target":["https:\/\/www.egger-oskar.it\/de\/einscheibenmaschinen-2\/"]}]},{"@type":"ImageObject","inLanguage":"de-DE","@id":"https:\/\/www.egger-oskar.it\/de\/einscheibenmaschinen-2\/#primaryimage","url":"http:\/\/egger-oskar.it\/wp-content\/uploads\/2023\/01\/wirbel-lucidatrice-1.jpg","contentUrl":"http:\/\/egger-oskar.it\/wp-content\/uploads\/2023\/01\/wirbel-lucidatrice-1.jpg"},{"@type":"BreadcrumbList","@id":"https:\/\/www.egger-oskar.it\/de\/einscheibenmaschinen-2\/#breadcrumb","itemListElement":[{"@type":"ListItem","position":1,"name":"Home","item":"https:\/\/www.egger-oskar.it\/de\/"},{"@type":"ListItem","position":2,"name":"EINSCHEIBENMASCHINEN"}]},{"@type":"WebSite","@id":"https:\/\/www.egger-oskar.it\/de\/#website","url":"https:\/\/www.egger-oskar.it\/de\/","name":"Egger","description":"Idropulitrici Merano","publisher":{"@id":"https:\/\/www.egger-oskar.it\/de\/#organization"},"potentialAction":[{"@type":"SearchAction","target":{"@type":"EntryPoint","urlTemplate":"https:\/\/www.egger-oskar.it\/de\/?s={search_term_string}"},"query-input":{"@type":"PropertyValueSpecification","valueRequired":true,"valueName":"search_term_string"}}],"inLanguage":"de-DE"},{"@type":"Organization","@id":"https:\/\/www.egger-oskar.it\/de\/#organization","name":"Egger","url":"https:\/\/www.egger-oskar.it\/de\/","logo":{"@type":"ImageObject","inLanguage":"de-DE","@id":"https:\/\/www.egger-oskar.it\/de\/#\/schema\/logo\/image\/","url":"https:\/\/www.egger-oskar.it\/wp-content\/uploads\/2022\/05\/egger.png","contentUrl":"https:\/\/www.egger-oskar.it\/wp-content\/uploads\/2022\/05\/egger.png","width":250,"height":65,"caption":"Egger"},"image":{"@id":"https:\/\/www.egger-oskar.it\/de\/#\/schema\/logo\/image\/"}}]}},"_links":{"self":[{"href":"https:\/\/www.egger-oskar.it\/de\/wp-json\/wp\/v2\/pages\/5516","targetHints":{"allow":["GET"]}}],"collection":[{"href":"https:\/\/www.egger-oskar.it\/de\/wp-json\/wp\/v2\/pages"}],"about":[{"href":"https:\/\/www.egger-oskar.it\/de\/wp-json\/wp\/v2\/types\/page"}],"author":[{"embeddable":true,"href":"https:\/\/www.egger-oskar.it\/de\/wp-json\/wp\/v2\/users\/1"}],"replies":[{"embeddable":true,"href":"https:\/\/www.egger-oskar.it\/de\/wp-json\/wp\/v2\/comments?post=5516"}],"version-history":[{"count":0,"href":"https:\/\/www.egger-oskar.it\/de\/wp-json\/wp\/v2\/pages\/5516\/revisions"}],"wp:attachment":[{"href":"https:\/\/www.egger-oskar.it\/de\/wp-json\/wp\/v2\/media?parent=5516"}],"curies":[{"name":"wp","href":"https:\/\/api.w.org\/{rel}","templated":true}]}}